{"id":25,"date":"2019-12-20T21:25:50","date_gmt":"2019-12-20T21:25:50","guid":{"rendered":"https:\/\/www.capricare.eu\/?page_id=25"},"modified":"2020-06-18T21:13:44","modified_gmt":"2020-06-18T21:13:44","slug":"domande-frequenti","status":"publish","type":"page","link":"https:\/\/www.capricare.it\/hcp\/domande-frequenti\/","title":{"rendered":"Domande frequenti"},"content":{"rendered":"[vc_row type=&#8221;full_width_content&#8221; full_screen_row_position=&#8221;middle&#8221; column_margin=&#8221;default&#8221; bg_color=&#8221;#e4f2e2&#8243; scene_position=&#8221;center&#8221; text_color=&#8221;dark&#8221; text_align=&#8221;left&#8221; id=&#8221;bread-note&#8221; overlay_strength=&#8221;0.3&#8243; shape_divider_position=&#8221;bottom&#8221; bg_image_animation=&#8221;none&#8221; shape_type=&#8221;&#8221;][vc_column column_padding=&#8221;no-extra-padding&#8221; column_padding_position=&#8221;all&#8221; background_color_opacity=&#8221;1&#8243; background_hover_color_opacity=&#8221;1&#8243; column_link_target=&#8221;_self&#8221; column_shadow=&#8221;none&#8221; column_border_radius=&#8221;none&#8221; width=&#8221;1\/1&#8243; tablet_width_inherit=&#8221;default&#8221; tablet_text_alignment=&#8221;default&#8221; phone_text_alignment=&#8221;default&#8221; overlay_strength=&#8221;0.3&#8243; column_border_width=&#8221;none&#8221; column_border_style=&#8221;solid&#8221; bg_image_animation=&#8221;none&#8221;][divider line_type=&#8221;No Line&#8221; custom_height=&#8221;20&#8243;][vc_column_text el_class=&#8221;note&#8221;]Domande Frequenti[\/vc_column_text][divider line_type=&#8221;No Line&#8221; custom_height=&#8221;100&#8243;][\/vc_column][\/vc_row][vc_row type=&#8221;full_width_background&#8221; full_screen_row_position=&#8221;middle&#8221; column_margin=&#8221;default&#8221; bg_color=&#8221;#e4f2e2&#8243; scene_position=&#8221;center&#8221; text_color=&#8221;dark&#8221; text_align=&#8221;left&#8221; top_padding=&#8221;80&#8243; class=&#8221;cc-terms&#8221; overlay_strength=&#8221;0.3&#8243; shape_divider_position=&#8221;bottom&#8221; bg_image_animation=&#8221;none&#8221; shape_type=&#8221;&#8221;][vc_column column_padding=&#8221;no-extra-padding&#8221; column_padding_position=&#8221;all&#8221; background_color_opacity=&#8221;1&#8243; background_hover_color_opacity=&#8221;1&#8243; column_link_target=&#8221;_self&#8221; column_shadow=&#8221;none&#8221; column_border_radius=&#8221;none&#8221; width=&#8221;1\/2&#8243; tablet_width_inherit=&#8221;default&#8221; tablet_text_alignment=&#8221;default&#8221; phone_text_alignment=&#8221;default&#8221; overlay_strength=&#8221;0.3&#8243; column_border_width=&#8221;none&#8221; column_border_style=&#8221;solid&#8221; bg_image_animation=&#8221;none&#8221;][divider line_type=&#8221;No Line&#8221; custom_height=&#8221;40&#8243;][vc_column_text]\n<h4>Da quanto tempo esiste la formula del latte di capra?<\/h4>\n<p>Il latte artificiale di capra \u00e8 stato utilizzato per la prima volta in Nuova Zelanda e in Australia oltre 30 anni fa. Capricare<sup>\u00ae<\/sup>\u202f\u00e8 prodotto da Dairy Goat Co-operative, l\u2019azienda che ha inventato il latte artificiale di capra.<\/p>\n<h4>\u00c8 possibile combinare Capricare<sup>\u00ae<\/sup>\u202fcon altre formule?<\/h4>\n<p>La formula \u00e8 concepita per fornire quantit\u00e0 specifiche di nutrienti in ogni misurino. \u00c8 possibile combinare le formule per un breve periodo (3-7 giorni) passando da una formula a un&#8217;altra. Miscelare le formule per un periodo pi\u00f9 lungo comporta il rischio di provocare un eccesso o un deficit di concentrazione dei nutrienti, causando un potenziale disturbo o uno squilibrio delle sostanze nutritive.<\/p>\n<h4>Come passare da un\u2019altro latte in formula a Capricare<sup>\u00ae<\/sup>?<\/h4>\n<p>Il modo migliore \u00e8 sostituire gradualmente una formula con un&#8217;altra nell&#8217;arco di 3-7 giorni. Inizia sostituendo un misurino dell&#8217;attuale formula con Capricare<sup>\u00ae<\/sup>\u202fmentre prepari il biberon. Dopo 1 o 2 giorni sostituisci un altro misurino con la nostra formula, fino a quando alla fine andrai ad utilizzare solo Capricare<sup>\u00ae<\/sup>.<\/p>\n<h4>I livelli di ferro e di acido folico in Capricare<sup>\u00ae<\/sup>\u202fsono adeguati?<\/h4>\n<p>Come il latte vaccino, il latte di capra deve essere integrato con vitamine e minerali per soddisfare le esigenze del bambino. Vitamine e minerali, come l&#8217;acido folico, la vitamina B12, C, D, E e il ferro sono presenti in Capricare<sup>\u00ae<\/sup>\u202fin quantit\u00e0 adeguate a fornire al tuo bambino l&#8217;apporto necessario*.<br \/>\n*In conformit\u00e0 alle normative UE.<\/p>\n<h4>Qual \u00e8 il gusto di Capricare<sup>\u00ae<\/sup>?<\/h4>\n<p>Il nostro latte proviene da capre ben nutrite e allevate in condizioni di salute. Il latte viene poi trattato delicatamente durante tutto il processo di produzione del latte per la prima infanzia. Il risultato \u00e8 un latte per l&#8217;infanzia dal sapore piacevole e delicato.[\/vc_column_text][\/vc_column][vc_column column_padding=&#8221;no-extra-padding&#8221; column_padding_position=&#8221;all&#8221; background_color_opacity=&#8221;1&#8243; background_hover_color_opacity=&#8221;1&#8243; column_link_target=&#8221;_self&#8221; column_shadow=&#8221;none&#8221; column_border_radius=&#8221;none&#8221; el_class=&#8221;faq-right&#8221; width=&#8221;1\/2&#8243; tablet_width_inherit=&#8221;default&#8221; tablet_text_alignment=&#8221;default&#8221; phone_text_alignment=&#8221;default&#8221; overlay_strength=&#8221;0.3&#8243; column_border_width=&#8221;none&#8221; column_border_style=&#8221;solid&#8221; bg_image_animation=&#8221;none&#8221;][vc_column_text]\n<h4>Da dove viene Capricare<sup>\u00ae<\/sup>?<\/h4>\n<p>Capricare<sup>\u00ae<\/sup> \u00e8 prodotto da Dairy Goat Co-operative, cooperativa pioniera e leader mondiale dei latti di capra per l&#8217;infanzia. Dairy Goat Co-operative ha sede in Nuova Zelanda ed \u00e8 di propriet\u00e0 degli allevatori che forniscono il latte. I loro allevamenti si trovano in alcuni dei pascoli pi\u00f9 rigogliosi della Nuova Zelanda.<\/p>\n<h4>Come vengono allevate le capre?<\/h4>\n<p>Le capre sono tenute in stalle aperte lateralmente che permettono l&#8217;esposizione alla luce naturale e all&#8217;aria fresca. Viene garantito lo spazio necessario affinch\u00e9 le capre possano muoversi liberamente o sdraiarsi. Hanno inoltre libero accesso al cibo.<\/p>\n<h4>Gli agricoltori usano antibiotici?<\/h4>\n<p>L&#8217;uso di tutti i farmaci, compresi gli antibiotici, \u00e8 altamente regolamentato in Nuova Zelanda, paese in cui viene prodotto Capricare<sup>\u00ae<\/sup>. Gli antibiotici sono usati in alcune circostanze eccezionali per trattare le infezioni. In questo caso tutto il latte raccolto durante il periodo di trattamento e alcuni giorni dopo il trattamento viene scartato. Il latte viene regolarmente testato per garantire che sia privo di residui di antibiotici.<\/p>\n<h4>Dove posso trovare il latte artificiale di capra Capricare<sup>\u00ae<\/sup>?<\/h4>\n<p>Capricare<sup>\u00ae<\/sup> \u00e8 prodotto da Dairy Goat Co-operative. Le sue formule si trovano in 30 paesi in tutto il mondo, con il nome di Capricare<sup>\u00ae<\/sup>\u202fo con nomi diversi come Karihome, DG, Golden Goat o Nanny.[\/vc_column_text][\/vc_column][\/vc_row][vc_row type=&#8221;full_width_background&#8221; full_screen_row_position=&#8221;middle&#8221; column_margin=&#8221;default&#8221; bg_color=&#8221;#e4f2e2&#8243; scene_position=&#8221;center&#8221; text_color=&#8221;dark&#8221; text_align=&#8221;left&#8221; overlay_strength=&#8221;0.3&#8243; shape_divider_position=&#8221;bottom&#8221; bg_image_animation=&#8221;none&#8221; shape_type=&#8221;&#8221;][vc_column column_padding=&#8221;no-extra-padding&#8221; column_padding_position=&#8221;all&#8221; background_color_opacity=&#8221;1&#8243; background_hover_color_opacity=&#8221;1&#8243; column_link_target=&#8221;_self&#8221; column_shadow=&#8221;none&#8221; column_border_radius=&#8221;none&#8221; width=&#8221;1\/1&#8243; tablet_width_inherit=&#8221;default&#8221; tablet_text_alignment=&#8221;default&#8221; phone_text_alignment=&#8221;default&#8221; overlay_strength=&#8221;0.3&#8243; column_border_width=&#8221;none&#8221; column_border_style=&#8221;solid&#8221; bg_image_animation=&#8221;none&#8221;][divider line_type=&#8221;No Line&#8221; custom_height=&#8221;80&#8243;][\/vc_column][\/vc_row]\n","protected":false},"excerpt":{"rendered":"<p>[vc_row type=&#8221;full_width_content&#8221; full_screen_row_position=&#8221;middle&#8221; column_margin=&#8221;default&#8221; bg_color=&#8221;#e4f2e2&#8243; scene_position=&#8221;center&#8221; text_color=&#8221;dark&#8221; text_align=&#8221;left&#8221; id=&#8221;bread-note&#8221; overlay_strength=&#8221;0.3&#8243; shape_divider_position=&#8221;bottom&#8221; bg_image_animation=&#8221;none&#8221; shape_type=&#8221;&#8221;][vc_column column_padding=&#8221;no-extra-padding&#8221; column_padding_position=&#8221;all&#8221; background_color_opacity=&#8221;1&#8243; background_hover_color_opacity=&#8221;1&#8243; column_link_target=&#8221;_self&#8221; column_shadow=&#8221;none&#8221; column_border_radius=&#8221;none&#8221; width=&#8221;1\/1&#8243; tablet_width_inherit=&#8221;default&#8221; tablet_text_alignment=&#8221;default&#8221; phone_text_alignment=&#8221;default&#8221; overlay_strength=&#8221;0.3&#8243; column_border_width=&#8221;none&#8221; column_border_style=&#8221;solid&#8221; bg_image_animation=&#8221;none&#8221;][divider line_type=&#8221;No Line&#8221;&#8230;<\/p>\n","protected":false},"author":1,"featured_media":0,"parent":0,"menu_order":0,"comment_status":"closed","ping_status":"closed","template":"","meta":[],"yoast_head":"<!-- This site is optimized with the Yoast SEO plugin v21.1 - https:\/\/yoast.com\/wordpress\/plugins\/seo\/ -->\n<title>Domande frequenti - Operatori sanitari<\/title>\n<meta name=\"description\" content=\"Il latte artificiale di capra per lattanti venne utilizzato per la prima volta in Nuova Zelanda pi\u00f9 di 30 anni fa. DairyGoat Co-operative l\u2019ha inventato ed \u00e8 stata la prima azienda ad utilizzare questo prodotto.\" \/>\n<meta name=\"robots\" content=\"index, follow, max-snippet:-1, max-image-preview:large, max-video-preview:-1\" \/>\n<link rel=\"canonical\" href=\"https:\/\/www.capricare.it\/hcp\/domande-frequenti\/\" \/>\n<meta property=\"og:locale\" content=\"en_US\" \/>\n<meta property=\"og:type\" content=\"article\" \/>\n<meta property=\"og:title\" content=\"Domande frequenti - Operatori sanitari\" \/>\n<meta property=\"og:description\" content=\"Il latte artificiale di capra per lattanti venne utilizzato per la prima volta in Nuova Zelanda pi\u00f9 di 30 anni fa. DairyGoat Co-operative l\u2019ha inventato ed \u00e8 stata la prima azienda ad utilizzare questo prodotto.\" \/>\n<meta property=\"og:url\" content=\"https:\/\/www.capricare.it\/hcp\/domande-frequenti\/\" \/>\n<meta property=\"og:site_name\" content=\"Operatori sanitari\" \/>\n<meta property=\"article:modified_time\" content=\"2020-06-18T21:13:44+00:00\" \/>\n<meta name=\"twitter:card\" content=\"summary_large_image\" \/>\n<meta name=\"twitter:label1\" content=\"Est. reading time\" \/>\n\t<meta name=\"twitter:data1\" content=\"4 minutes\" \/>\n<script type=\"application\/ld+json\" class=\"yoast-schema-graph\">{\"@context\":\"https:\/\/schema.org\",\"@graph\":[{\"@type\":\"WebPage\",\"@id\":\"https:\/\/www.capricare.it\/hcp\/domande-frequenti\/\",\"url\":\"https:\/\/www.capricare.it\/hcp\/domande-frequenti\/\",\"name\":\"Domande frequenti - Operatori sanitari\",\"isPartOf\":{\"@id\":\"https:\/\/www.capricare.it\/hcp\/#website\"},\"datePublished\":\"2019-12-20T21:25:50+00:00\",\"dateModified\":\"2020-06-18T21:13:44+00:00\",\"description\":\"Il latte artificiale di capra per lattanti venne utilizzato per la prima volta in Nuova Zelanda pi\u00f9 di 30 anni fa. DairyGoat Co-operative l\u2019ha inventato ed \u00e8 stata la prima azienda ad utilizzare questo prodotto.\",\"breadcrumb\":{\"@id\":\"https:\/\/www.capricare.it\/hcp\/domande-frequenti\/#breadcrumb\"},\"inLanguage\":\"en-NZ\",\"potentialAction\":[{\"@type\":\"ReadAction\",\"target\":[\"https:\/\/www.capricare.it\/hcp\/domande-frequenti\/\"]}]},{\"@type\":\"BreadcrumbList\",\"@id\":\"https:\/\/www.capricare.it\/hcp\/domande-frequenti\/#breadcrumb\",\"itemListElement\":[{\"@type\":\"ListItem\",\"position\":1,\"name\":\"Home\",\"item\":\"https:\/\/www.capricare.it\/hcp\/\"},{\"@type\":\"ListItem\",\"position\":2,\"name\":\"Domande frequenti\"}]},{\"@type\":\"WebSite\",\"@id\":\"https:\/\/www.capricare.it\/hcp\/#website\",\"url\":\"https:\/\/www.capricare.it\/hcp\/\",\"name\":\"Operatori sanitari\",\"description\":\"\",\"potentialAction\":[{\"@type\":\"SearchAction\",\"target\":{\"@type\":\"EntryPoint\",\"urlTemplate\":\"https:\/\/www.capricare.it\/hcp\/?s={search_term_string}\"},\"query-input\":\"required name=search_term_string\"}],\"inLanguage\":\"en-NZ\"}]}<\/script>\n<!-- \/ Yoast SEO plugin. -->","yoast_head_json":{"title":"Domande frequenti - Operatori sanitari","description":"Il latte artificiale di capra per lattanti venne utilizzato per la prima volta in Nuova Zelanda pi\u00f9 di 30 anni fa. DairyGoat Co-operative l\u2019ha inventato ed \u00e8 stata la prima azienda ad utilizzare questo prodotto.","robots":{"index":"index","follow":"follow","max-snippet":"max-snippet:-1","max-image-preview":"max-image-preview:large","max-video-preview":"max-video-preview:-1"},"canonical":"https:\/\/www.capricare.it\/hcp\/domande-frequenti\/","og_locale":"en_US","og_type":"article","og_title":"Domande frequenti - Operatori sanitari","og_description":"Il latte artificiale di capra per lattanti venne utilizzato per la prima volta in Nuova Zelanda pi\u00f9 di 30 anni fa. DairyGoat Co-operative l\u2019ha inventato ed \u00e8 stata la prima azienda ad utilizzare questo prodotto.","og_url":"https:\/\/www.capricare.it\/hcp\/domande-frequenti\/","og_site_name":"Operatori sanitari","article_modified_time":"2020-06-18T21:13:44+00:00","twitter_card":"summary_large_image","twitter_misc":{"Est. reading time":"4 minutes"},"schema":{"@context":"https:\/\/schema.org","@graph":[{"@type":"WebPage","@id":"https:\/\/www.capricare.it\/hcp\/domande-frequenti\/","url":"https:\/\/www.capricare.it\/hcp\/domande-frequenti\/","name":"Domande frequenti - Operatori sanitari","isPartOf":{"@id":"https:\/\/www.capricare.it\/hcp\/#website"},"datePublished":"2019-12-20T21:25:50+00:00","dateModified":"2020-06-18T21:13:44+00:00","description":"Il latte artificiale di capra per lattanti venne utilizzato per la prima volta in Nuova Zelanda pi\u00f9 di 30 anni fa. DairyGoat Co-operative l\u2019ha inventato ed \u00e8 stata la prima azienda ad utilizzare questo prodotto.","breadcrumb":{"@id":"https:\/\/www.capricare.it\/hcp\/domande-frequenti\/#breadcrumb"},"inLanguage":"en-NZ","potentialAction":[{"@type":"ReadAction","target":["https:\/\/www.capricare.it\/hcp\/domande-frequenti\/"]}]},{"@type":"BreadcrumbList","@id":"https:\/\/www.capricare.it\/hcp\/domande-frequenti\/#breadcrumb","itemListElement":[{"@type":"ListItem","position":1,"name":"Home","item":"https:\/\/www.capricare.it\/hcp\/"},{"@type":"ListItem","position":2,"name":"Domande frequenti"}]},{"@type":"WebSite","@id":"https:\/\/www.capricare.it\/hcp\/#website","url":"https:\/\/www.capricare.it\/hcp\/","name":"Operatori sanitari","description":"","potentialAction":[{"@type":"SearchAction","target":{"@type":"EntryPoint","urlTemplate":"https:\/\/www.capricare.it\/hcp\/?s={search_term_string}"},"query-input":"required name=search_term_string"}],"inLanguage":"en-NZ"}]}},"_links":{"self":[{"href":"https:\/\/www.capricare.it\/hcp\/wp-json\/wp\/v2\/pages\/25"}],"collection":[{"href":"https:\/\/www.capricare.it\/hcp\/wp-json\/wp\/v2\/pages"}],"about":[{"href":"https:\/\/www.capricare.it\/hcp\/wp-json\/wp\/v2\/types\/page"}],"author":[{"embeddable":true,"href":"https:\/\/www.capricare.it\/hcp\/wp-json\/wp\/v2\/users\/1"}],"replies":[{"embeddable":true,"href":"https:\/\/www.capricare.it\/hcp\/wp-json\/wp\/v2\/comments?post=25"}],"version-history":[{"count":13,"href":"https:\/\/www.capricare.it\/hcp\/wp-json\/wp\/v2\/pages\/25\/revisions"}],"predecessor-version":[{"id":916,"href":"https:\/\/www.capricare.it\/hcp\/wp-json\/wp\/v2\/pages\/25\/revisions\/916"}],"wp:attachment":[{"href":"https:\/\/www.capricare.it\/hcp\/wp-json\/wp\/v2\/media?parent=25"}],"curies":[{"name":"wp","href":"https:\/\/api.w.org\/{rel}","templated":true}]}}